{"id":20,"date":"2023-09-11T15:44:51","date_gmt":"2023-09-11T15:44:51","guid":{"rendered":"http:\/\/www.soelberg.pro\/?page_id=20"},"modified":"2023-09-11T15:44:51","modified_gmt":"2023-09-11T15:44:51","slug":"hjem","status":"publish","type":"page","link":"https:\/\/www.soelberg.pro\/","title":{"rendered":"Hjem"},"content":{"rendered":"\n<p>Velkommen til dit websted! Dette er din forside, som de fleste bes\u00f8gende vil se, n\u00e5r de kommer til dit websted for f\u00f8rste gang.<\/p>\n","protected":false},"excerpt":{"rendered":"<p>Velkommen til dit websted! Dette er din forside, som de fleste bes\u00f8gende vil se, n\u00e5r de kommer til dit websted for f\u00f8rste gang.<\/p>\n","protected":false},"author":1,"featured_media":0,"parent":0,"menu_order":0,"comment_status":"closed","ping_status":"closed","template":"","meta":{"footnotes":""},"_links":{"self":[{"href":"https:\/\/www.soelberg.pro\/index.php\/wp-json\/wp\/v2\/pages\/20"}],"collection":[{"href":"https:\/\/www.soelberg.pro\/index.php\/wp-json\/wp\/v2\/pages"}],"about":[{"href":"https:\/\/www.soelberg.pro\/index.php\/wp-json\/wp\/v2\/types\/page"}],"author":[{"embeddable":true,"href":"https:\/\/www.soelberg.pro\/index.php\/wp-json\/wp\/v2\/users\/1"}],"replies":[{"embeddable":true,"href":"https:\/\/www.soelberg.pro\/index.php\/wp-json\/wp\/v2\/comments?post=20"}],"version-history":[{"count":1,"href":"https:\/\/www.soelberg.pro\/index.php\/wp-json\/wp\/v2\/pages\/20\/revisions"}],"predecessor-version":[{"id":26,"href":"https:\/\/www.soelberg.pro\/index.php\/wp-json\/wp\/v2\/pages\/20\/revisions\/26"}],"wp:attachment":[{"href":"https:\/\/www.soelberg.pro\/index.php\/wp-json\/wp\/v2\/media?parent=20"}],"curies":[{"name":"wp","href":"https:\/\/api.w.org\/{rel}","templated":true}]}}